{"id":73,"date":"2017-06-12T04:35:29","date_gmt":"2017-06-12T04:35:29","guid":{"rendered":"http:\/\/demo2.steelthemes.com\/gardenhub\/?page_id=73"},"modified":"2023-02-22T07:48:03","modified_gmt":"2023-02-22T07:48:03","slug":"contact","status":"publish","type":"page","link":"https:\/\/ikicay.com.tr\/?page_id=73","title":{"rendered":"\u0130leti\u015fim"},"content":{"rendered":"<div class=\"wpb-content-wrapper\"><p>[vc_row css=&#8221;.vc_custom_1496648745757{padding-top: 70px !important;padding-bottom: 80px !important;}&#8221;][vc_column width=&#8221;1\/3&#8243;]<div class=\"fh-section-title clearfix  text-left style-2 version-dark\"><div class=\"container\"><h2>\u0130leti\u015fim <span class=\"main-color\">Bilgileri<\/span><\/h2><\/div><\/div>[vc_row_inner css=&#8221;.vc_custom_1496648932484{padding-top: 40px !important;padding-bottom: 45px !important;}&#8221;][vc_column_inner]<div class=\"fh-contact-box  style-2\">\n\t\t\t\t\n                <div class=\"info\"><div class=\"info-item\"><span class=\"fh-icon\"><i class=\"flaticon-globe\"><\/i><\/span><div class=\"details\">K\u00f6pr\u00fcba\u015f\u0131 yolu 2.Km S\u00dcRMENE TRABZON<\/div><\/div><div class=\"info-item\"><span class=\"fh-icon\"><i class=\"flaticon-web\"><\/i><\/span><div class=\"details\">0462 341 11 66 & info@ikicay.com.tr<\/div><\/div><div class=\"info-item\"><span class=\"fh-icon\"><i class=\"flaticon-phone-set\"><\/i><\/span><div class=\"details\">0507 622 38 00<\/div><\/div><\/div>\n            <\/div>[\/vc_column_inner][\/vc_row_inner][\/vc_column][vc_column width=&#8221;2\/3&#8243;]<div class=\"fh-section-title clearfix  text-left style-2 version-dark\"><div class=\"container\"><h2>Mesaj <span class=\"main-color\">G\u00f6nder<\/span><\/h2><\/div><\/div>[vc_row_inner css=&#8221;.vc_custom_1496647938965{padding-top: 40px !important;}&#8221; el_class=&#8221;contact-page&#8221;][vc_column_inner][vc_column_text css=&#8221;.vc_custom_1677051761121{padding-bottom: 30px !important;}&#8221;]\u00dcr\u00fcn ve hizmetlerimiz hakk\u0131nda t\u00fcm soru ve g\u00f6r\u00fc\u015flerinizi bize mesaj olarak iletebilirsiniz.[\/vc_column_text][contact-form-7 id=&#8221;672&#8243;][\/vc_column_inner][\/vc_row_inner][\/vc_column][\/vc_row][vc_row full_width=&#8221;stretch_row_content_no_spaces&#8221; disable_element=&#8221;yes&#8221;][vc_column]Something went wrong while retrieving your map, please ensure you have entered the short code correctly.[\/vc_column][\/vc_row][vc_row full_width=&#8221;stretch_row_content_no_spaces&#8221;][vc_column][vc_gmaps link=&#8221;#E-8_JTNDaWZyYW1lJTIwc3JjJTNEJTIyaHR0cHMlM0ElMkYlMkZ3d3cuZ29vZ2xlLmNvbSUyRm1hcHMlMkZlbWJlZCUzRnBiJTNEJTIxMW0xNCUyMTFtOCUyMTFtMyUyMTFkMTIwNjMuNjAyMDgzNzA2MjI0JTIxMmQ0MC4xMDc2NjU5JTIxM2Q0MC44OTU5OTclMjEzbTIlMjExaTEwMjQlMjEyaTc2OCUyMTRmMTMuMSUyMTNtMyUyMTFtMiUyMTFzMHg0MDY0M2E3OWRlMzUwZTkxJTI1M0EweDQzNTc1MThlMTBhYzUxZDMlMjEyenhMQnJhY09uWVhrZ3c2ZGhlU0JtWVdKeWFXdGhjOFN4JTIxNWUwJTIxM20yJTIxMXN0ciUyMTJzdHIlMjE0djE2NzcwNTIwNzQ4MTElMjE1bTIlMjExc3RyJTIxMnN0ciUyMiUyMHdpZHRoJTNEJTIyNjAwJTIyJTIwaGVpZ2h0JTNEJTIyNDUwJTIyJTIwc3R5bGUlM0QlMjJib3JkZXIlM0EwJTNCJTIyJTIwYWxsb3dmdWxsc2NyZWVuJTNEJTIyJTIyJTIwbG9hZGluZyUzRCUyMmxhenklMjIlMjByZWZlcnJlcnBvbGljeSUzRCUyMm5vLXJlZmVycmVyLXdoZW4tZG93bmdyYWRlJTIyJTNFJTNDJTJGaWZyYW1lJTNF&#8221;][\/vc_column][\/vc_row]<\/p>\n<\/div>","protected":false},"excerpt":{"rendered":"<p>[vc_row css=&#8221;.vc_custom_1496648745757{padding-top: 70px !important;padding-bottom: 80px !important;}&#8221;][vc_column width=&#8221;1\/3&#8243;][vc_row_inner css=&#8221;.vc_custom_1496648932484{padding-top: 40px !important;padding-bottom: 45px !important;}&#8221;][vc_column_inner][\/vc_column_inner][\/vc_row_inner][\/vc_column][vc_column width=&#8221;2\/3&#8243;][vc_row_inner&hellip;<\/p>\n","protected":false},"author":1,"featured_media":0,"parent":0,"menu_order":0,"comment_status":"closed","ping_status":"closed","template":"template-fullwidth.php","meta":{"footnotes":""},"class_list":["post-73","page","type-page","status-publish","hentry","no-thumb"],"_links":{"self":[{"href":"https:\/\/ikicay.com.tr\/index.php?rest_route=\/wp\/v2\/pages\/73","targetHints":{"allow":["GET"]}}],"collection":[{"href":"https:\/\/ikicay.com.tr\/index.php?rest_route=\/wp\/v2\/pages"}],"about":[{"href":"https:\/\/ikicay.com.tr\/index.php?rest_route=\/wp\/v2\/types\/page"}],"author":[{"embeddable":true,"href":"https:\/\/ikicay.com.tr\/index.php?rest_route=\/wp\/v2\/users\/1"}],"replies":[{"embeddable":true,"href":"https:\/\/ikicay.com.tr\/index.php?rest_route=%2Fwp%2Fv2%2Fcomments&post=73"}],"version-history":[{"count":5,"href":"https:\/\/ikicay.com.tr\/index.php?rest_route=\/wp\/v2\/pages\/73\/revisions"}],"predecessor-version":[{"id":789,"href":"https:\/\/ikicay.com.tr\/index.php?rest_route=\/wp\/v2\/pages\/73\/revisions\/789"}],"wp:attachment":[{"href":"https:\/\/ikicay.com.tr\/index.php?rest_route=%2Fwp%2Fv2%2Fmedia&parent=73"}],"curies":[{"name":"wp","href":"https:\/\/api.w.org\/{rel}","templated":true}]}}